{"id":1606,"date":"2024-06-04T12:52:37","date_gmt":"2024-06-04T12:52:37","guid":{"rendered":"https:\/\/vilavilarino.com\/restaurante-vila-vilarino-2\/"},"modified":"2024-07-16T11:03:28","modified_gmt":"2024-07-16T11:03:28","slug":"actividades-vila-vilarino","status":"publish","type":"page","link":"https:\/\/vilavilarino.com\/en\/actividades-vila-vilarino\/","title":{"rendered":"Actividades Vila Vilari\u00f1o"},"content":{"rendered":"\t\t<div data-elementor-type=\"wp-page\" data-elementor-id=\"1606\" class=\"elementor elementor-1606\" data-elementor-post-type=\"page\">\n\t\t\t\t<div class=\"elementor-element elementor-element-52da4bf e-flex e-con-boxed e-con e-parent\" data-id=\"52da4bf\" data-element_type=\"container\" data-e-type=\"container\" data-settings=\"{&quot;background_background&quot;:&quot;classic&quot;}\">\n\t\t\t\t\t<div class=\"e-con-inner\">\n\t\t\t\t<div class=\"elementor-element elementor-element-90788fc elementor-widget elementor-widget-heading\" data-id=\"90788fc\" data-element_type=\"widget\" data-e-type=\"widget\" data-widget_type=\"heading.default\">\n\t\t\t\t<div class=\"elementor-widget-container\">\n\t\t\t\t\t<h1 class=\"elementor-heading-title elementor-size-default\">ALBERGUE, hotel and restaurant in Vilari\u00f1o de Conso<\/h1>\t\t\t\t<\/div>\n\t\t\t\t<\/div>\n\t\t\t\t<div class=\"elementor-element elementor-element-436561d elementor-widget elementor-widget-heading\" data-id=\"436561d\" data-element_type=\"widget\" data-e-type=\"widget\" data-widget_type=\"heading.default\">\n\t\t\t\t<div class=\"elementor-widget-container\">\n\t\t\t\t\t<h2 class=\"elementor-heading-title elementor-size-default\">activities<\/h2>\t\t\t\t<\/div>\n\t\t\t\t<\/div>\n\t\t\t\t\t<\/div>\n\t\t\t\t<\/div>\n\t\t<div class=\"elementor-element elementor-element-d66093f e-flex e-con-boxed e-con e-parent\" data-id=\"d66093f\" data-element_type=\"container\" data-e-type=\"container\">\n\t\t\t\t\t<div class=\"e-con-inner\">\n\t\t\t\t<div class=\"elementor-element elementor-element-e009e82 elementor-widget elementor-widget-text-editor\" data-id=\"e009e82\" data-element_type=\"widget\" data-e-type=\"widget\" data-widget_type=\"text-editor.default\">\n\t\t\t\t<div class=\"elementor-widget-container\">\n\t\t\t\t\t\t\t\t\t<p>In Vilari\u00f1o de Conso, an enclave privileged by nature, you will find many outdoor activities. At the hostel, hotel and restaurant Vila Vilari\u00f1o, we offer various options for you to explore the region and live unforgettable experiences. Immerse yourself in the natural beauty of the area while enjoying our facilities and services designed to make your stay a unique adventure.<\/p>\t\t\t\t\t\t\t\t<\/div>\n\t\t\t\t<\/div>\n\t\t\t\t\t<\/div>\n\t\t\t\t<\/div>\n\t\t<div class=\"elementor-element elementor-element-7fe723c e-flex e-con-boxed e-con e-parent\" data-id=\"7fe723c\" data-element_type=\"container\" data-e-type=\"container\">\n\t\t\t\t\t<div class=\"e-con-inner\">\n\t\t<div class=\"elementor-element elementor-element-aece6fb e-con-full e-flex e-con e-child\" data-id=\"aece6fb\" data-element_type=\"container\" data-e-type=\"container\" data-settings=\"{&quot;background_background&quot;:&quot;classic&quot;}\">\n\t\t\t\t<\/div>\n\t\t<div class=\"elementor-element elementor-element-c8c5adc e-con-full e-flex e-con e-child\" data-id=\"c8c5adc\" data-element_type=\"container\" data-e-type=\"container\" data-settings=\"{&quot;background_background&quot;:&quot;classic&quot;}\">\n\t\t\t\t<div class=\"elementor-element elementor-element-c106860 elementor-widget elementor-widget-heading\" data-id=\"c106860\" data-element_type=\"widget\" data-e-type=\"widget\" data-widget_type=\"heading.default\">\n\t\t\t\t<div class=\"elementor-widget-container\">\n\t\t\t\t\t<h2 class=\"elementor-heading-title elementor-size-default\">Biking and Kayaking<\/h2>\t\t\t\t<\/div>\n\t\t\t\t<\/div>\n\t\t\t\t<div class=\"elementor-element elementor-element-2fdb266 elementor-widget elementor-widget-text-editor\" data-id=\"2fdb266\" data-element_type=\"widget\" data-e-type=\"widget\" data-widget_type=\"text-editor.default\">\n\t\t\t\t<div class=\"elementor-widget-container\">\n\t\t\t\t\t\t\t\t\t<p>For only 15\u20ac per day, you can rent bicycles and kayaks in Vila Vilari\u00f1o, enjoying a unique and unforgettable experience. Explore the stunning natural landscapes, rivers and reservoirs of the area while you immerse yourself in the beauty of Galicia. Whether you&#8217;re riding on trails or navigating calm waters, you&#8217;ll take with you lifelong memories and a deeper connection with nature.<\/p>\t\t\t\t\t\t\t\t<\/div>\n\t\t\t\t<\/div>\n\t\t\t\t<div class=\"elementor-element elementor-element-02e61bd elementor-widget elementor-widget-text-editor\" data-id=\"02e61bd\" data-element_type=\"widget\" data-e-type=\"widget\" data-widget_type=\"text-editor.default\">\n\t\t\t\t<div class=\"elementor-widget-container\">\n\t\t\t\t\t\t\t\t\t<p>Deposit: You must pay 20\u20ac in cash.<\/p>\t\t\t\t\t\t\t\t<\/div>\n\t\t\t\t<\/div>\n\t\t\t\t<\/div>\n\t\t\t\t\t<\/div>\n\t\t\t\t<\/div>\n\t\t<div class=\"elementor-element elementor-element-976f420 e-flex e-con-boxed e-con e-parent\" data-id=\"976f420\" data-element_type=\"container\" data-e-type=\"container\">\n\t\t\t\t\t<div class=\"e-con-inner\">\n\t\t\t\t<div class=\"elementor-element elementor-element-9a2045b elementor-widget elementor-widget-heading\" data-id=\"9a2045b\" data-element_type=\"widget\" data-e-type=\"widget\" data-widget_type=\"heading.default\">\n\t\t\t\t<div class=\"elementor-widget-container\">\n\t\t\t\t\t<h2 class=\"elementor-heading-title elementor-size-default\">Materials of the Albergue Vila Vilari\u00f1o:<\/h2>\t\t\t\t<\/div>\n\t\t\t\t<\/div>\n\t\t\t\t<div class=\"elementor-element elementor-element-6b0eb2c elementor-icon-list--layout-inline elementor-align-center elementor-widget__width-initial elementor-list-item-link-full_width elementor-widget elementor-widget-icon-list\" data-id=\"6b0eb2c\" data-element_type=\"widget\" data-e-type=\"widget\" data-widget_type=\"icon-list.default\">\n\t\t\t\t<div class=\"elementor-widget-container\">\n\t\t\t\t\t\t\t<ul class=\"elementor-icon-list-items elementor-inline-items\">\n\t\t\t\t\t\t\t<li class=\"elementor-icon-list-item elementor-inline-item\">\n\t\t\t\t\t\t\t\t\t\t<span class=\"elementor-icon-list-text\">Single x 6 self emptying kayaks<\/span>\n\t\t\t\t\t\t\t\t\t<\/li>\n\t\t\t\t\t\t\t\t<li class=\"elementor-icon-list-item elementor-inline-item\">\n\t\t\t\t\t\t\t\t\t\t<span class=\"elementor-icon-list-text\">Double canoes x 2<\/span>\n\t\t\t\t\t\t\t\t\t<\/li>\n\t\t\t\t\t\t\t\t<li class=\"elementor-icon-list-item elementor-inline-item\">\n\t\t\t\t\t\t\t\t\t\t<span class=\"elementor-icon-list-text\">Single x 4 canoes<\/span>\n\t\t\t\t\t\t\t\t\t<\/li>\n\t\t\t\t\t\t\t\t<li class=\"elementor-icon-list-item elementor-inline-item\">\n\t\t\t\t\t\t\t\t\t\t<span class=\"elementor-icon-list-text\">Fibre x 4 competition canoes<\/span>\n\t\t\t\t\t\t\t\t\t<\/li>\n\t\t\t\t\t\t\t\t<li class=\"elementor-icon-list-item elementor-inline-item\">\n\t\t\t\t\t\t\t\t\t\t<span class=\"elementor-icon-list-text\">Inflatable boards x 15<\/span>\n\t\t\t\t\t\t\t\t\t<\/li>\n\t\t\t\t\t\t\t\t<li class=\"elementor-icon-list-item elementor-inline-item\">\n\t\t\t\t\t\t\t\t\t\t<span class=\"elementor-icon-list-text\">Rigid boards x 3<\/span>\n\t\t\t\t\t\t\t\t\t<\/li>\n\t\t\t\t\t\t\t\t<li class=\"elementor-icon-list-item elementor-inline-item\">\n\t\t\t\t\t\t\t\t\t\t<span class=\"elementor-icon-list-text\">New waistcoats and oars<\/span>\n\t\t\t\t\t\t\t\t\t<\/li>\n\t\t\t\t\t\t\t\t<li class=\"elementor-icon-list-item elementor-inline-item\">\n\t\t\t\t\t\t\t\t\t\t<span class=\"elementor-icon-list-text\">Inflatable boat 3,20 meters, with electric motor, autonomy 1,5 hours approx (3 persons)<\/span>\n\t\t\t\t\t\t\t\t\t<\/li>\n\t\t\t\t\t\t<\/ul>\n\t\t\t\t\t\t<\/div>\n\t\t\t\t<\/div>\n\t\t\t\t\t<\/div>\n\t\t\t\t<\/div>\n\t\t\t\t<\/div>\n\t\t","protected":false},"excerpt":{"rendered":"<p>ALBERGUE, hotel and restaurant in Vilari\u00f1o de Conso activities In Vilari\u00f1o de Conso, an enclave privileged by nature, you will find many outdoor activities. At the hostel, hotel and restaurant Vila Vilari\u00f1o, we offer various options for you to explore the region and live unforgettable experiences. Immerse yourself in the natural beauty of the area [&hellip;]<\/p>\n","protected":false},"author":1,"featured_media":0,"parent":0,"menu_order":0,"comment_status":"closed","ping_status":"closed","template":"","meta":{"footnotes":""},"class_list":["post-1606","page","type-page","status-publish","hentry"],"yoast_head":"<!-- This site is optimized with the Yoast SEO plugin v27.4 - https:\/\/yoast.com\/product\/yoast-seo-wordpress\/ -->\n<title>Actividades en Vila Vilari\u00f1o - Albergue, hotel y Restaurante. Ourense<\/title>\n<meta name=\"description\" content=\"En el albergue, hotel y restaurante Vila Vilari\u00f1o, ofrecemos diversas opciones para que explores la regi\u00f3n y vivas experiencias inolvidables.\" \/>\n<meta name=\"robots\" content=\"index, follow, max-snippet:-1, max-image-preview:large, max-video-preview:-1\" \/>\n<link rel=\"canonical\" href=\"https:\/\/vilavilarino.com\/actividades-vila-vilarino\/\" \/>\n<meta property=\"og:locale\" content=\"es_ES\" \/>\n<meta property=\"og:type\" content=\"article\" \/>\n<meta property=\"og:title\" content=\"Actividades en Vila Vilari\u00f1o - Albergue, hotel y Restaurante. Ourense\" \/>\n<meta property=\"og:description\" content=\"En el albergue, hotel y restaurante Vila Vilari\u00f1o, ofrecemos diversas opciones para que explores la regi\u00f3n y vivas experiencias inolvidables.\" \/>\n<meta property=\"og:url\" content=\"https:\/\/vilavilarino.com\/actividades-vila-vilarino\/\" \/>\n<meta property=\"og:site_name\" content=\"vilavilarino EN\" \/>\n<meta property=\"article:modified_time\" content=\"2024-07-16T11:03:28+00:00\" \/>\n<meta name=\"twitter:card\" content=\"summary_large_image\" \/>\n<meta name=\"twitter:label1\" content=\"Tiempo de lectura\" \/>\n\t<meta name=\"twitter:data1\" content=\"1 minuto\" \/>\n<script type=\"application\/ld+json\" class=\"yoast-schema-graph\">{\"@context\":\"https:\\\/\\\/schema.org\",\"@graph\":[{\"@type\":\"WebPage\",\"@id\":\"https:\\\/\\\/vilavilarino.com\\\/actividades-vila-vilarino\\\/\",\"url\":\"https:\\\/\\\/vilavilarino.com\\\/actividades-vila-vilarino\\\/\",\"name\":\"Actividades en Vila Vilari\u00f1o - Albergue, hotel y Restaurante. Ourense\",\"isPartOf\":{\"@id\":\"https:\\\/\\\/vilavilarino.com\\\/#website\"},\"datePublished\":\"2024-06-04T12:52:37+00:00\",\"dateModified\":\"2024-07-16T11:03:28+00:00\",\"description\":\"En el albergue, hotel y restaurante Vila Vilari\u00f1o, ofrecemos diversas opciones para que explores la regi\u00f3n y vivas experiencias inolvidables.\",\"breadcrumb\":{\"@id\":\"https:\\\/\\\/vilavilarino.com\\\/actividades-vila-vilarino\\\/#breadcrumb\"},\"inLanguage\":\"es\",\"potentialAction\":[{\"@type\":\"ReadAction\",\"target\":[\"https:\\\/\\\/vilavilarino.com\\\/actividades-vila-vilarino\\\/\"]}]},{\"@type\":\"BreadcrumbList\",\"@id\":\"https:\\\/\\\/vilavilarino.com\\\/actividades-vila-vilarino\\\/#breadcrumb\",\"itemListElement\":[{\"@type\":\"ListItem\",\"position\":1,\"name\":\"Portada\",\"item\":\"https:\\\/\\\/vilavilarino.com\\\/\"},{\"@type\":\"ListItem\",\"position\":2,\"name\":\"Actividades Vila Vilari\u00f1o\"}]},{\"@type\":\"WebSite\",\"@id\":\"https:\\\/\\\/vilavilarino.com\\\/#website\",\"url\":\"https:\\\/\\\/vilavilarino.com\\\/\",\"name\":\"vilavilarino EN\",\"description\":\"Albergue, hotel  y restaurante Vila Vilari\u00f1o\",\"publisher\":{\"@id\":\"https:\\\/\\\/vilavilarino.com\\\/#organization\"},\"potentialAction\":[{\"@type\":\"SearchAction\",\"target\":{\"@type\":\"EntryPoint\",\"urlTemplate\":\"https:\\\/\\\/vilavilarino.com\\\/?s={search_term_string}\"},\"query-input\":{\"@type\":\"PropertyValueSpecification\",\"valueRequired\":true,\"valueName\":\"search_term_string\"}}],\"inLanguage\":\"es\"},{\"@type\":\"Organization\",\"@id\":\"https:\\\/\\\/vilavilarino.com\\\/#organization\",\"name\":\"vilavilarino EN\",\"url\":\"https:\\\/\\\/vilavilarino.com\\\/\",\"logo\":{\"@type\":\"ImageObject\",\"inLanguage\":\"es\",\"@id\":\"https:\\\/\\\/vilavilarino.com\\\/#\\\/schema\\\/logo\\\/image\\\/\",\"url\":\"https:\\\/\\\/vilavilarino.com\\\/en\\\/wp-content\\\/uploads\\\/sites\\\/2\\\/Logo-vilavilarino-1.webp\",\"contentUrl\":\"https:\\\/\\\/vilavilarino.com\\\/en\\\/wp-content\\\/uploads\\\/sites\\\/2\\\/Logo-vilavilarino-1.webp\",\"width\":500,\"height\":400,\"caption\":\"vilavilarino EN\"},\"image\":{\"@id\":\"https:\\\/\\\/vilavilarino.com\\\/#\\\/schema\\\/logo\\\/image\\\/\"}}]}<\/script>\n<!-- \/ Yoast SEO plugin. -->","yoast_head_json":{"title":"Actividades en Vila Vilari\u00f1o - Albergue, hotel y Restaurante. Ourense","description":"En el albergue, hotel y restaurante Vila Vilari\u00f1o, ofrecemos diversas opciones para que explores la regi\u00f3n y vivas experiencias inolvidables.","robots":{"index":"index","follow":"follow","max-snippet":"max-snippet:-1","max-image-preview":"max-image-preview:large","max-video-preview":"max-video-preview:-1"},"canonical":"https:\/\/vilavilarino.com\/actividades-vila-vilarino\/","og_locale":"es_ES","og_type":"article","og_title":"Actividades en Vila Vilari\u00f1o - Albergue, hotel y Restaurante. Ourense","og_description":"En el albergue, hotel y restaurante Vila Vilari\u00f1o, ofrecemos diversas opciones para que explores la regi\u00f3n y vivas experiencias inolvidables.","og_url":"https:\/\/vilavilarino.com\/actividades-vila-vilarino\/","og_site_name":"vilavilarino EN","article_modified_time":"2024-07-16T11:03:28+00:00","twitter_card":"summary_large_image","twitter_misc":{"Tiempo de lectura":"1 minuto"},"schema":{"@context":"https:\/\/schema.org","@graph":[{"@type":"WebPage","@id":"https:\/\/vilavilarino.com\/actividades-vila-vilarino\/","url":"https:\/\/vilavilarino.com\/actividades-vila-vilarino\/","name":"Actividades en Vila Vilari\u00f1o - Albergue, hotel y Restaurante. Ourense","isPartOf":{"@id":"https:\/\/vilavilarino.com\/#website"},"datePublished":"2024-06-04T12:52:37+00:00","dateModified":"2024-07-16T11:03:28+00:00","description":"En el albergue, hotel y restaurante Vila Vilari\u00f1o, ofrecemos diversas opciones para que explores la regi\u00f3n y vivas experiencias inolvidables.","breadcrumb":{"@id":"https:\/\/vilavilarino.com\/actividades-vila-vilarino\/#breadcrumb"},"inLanguage":"es","potentialAction":[{"@type":"ReadAction","target":["https:\/\/vilavilarino.com\/actividades-vila-vilarino\/"]}]},{"@type":"BreadcrumbList","@id":"https:\/\/vilavilarino.com\/actividades-vila-vilarino\/#breadcrumb","itemListElement":[{"@type":"ListItem","position":1,"name":"Portada","item":"https:\/\/vilavilarino.com\/"},{"@type":"ListItem","position":2,"name":"Actividades Vila Vilari\u00f1o"}]},{"@type":"WebSite","@id":"https:\/\/vilavilarino.com\/#website","url":"https:\/\/vilavilarino.com\/","name":"vilavilarino EN","description":"Albergue, hotel  y restaurante Vila Vilari\u00f1o","publisher":{"@id":"https:\/\/vilavilarino.com\/#organization"},"potentialAction":[{"@type":"SearchAction","target":{"@type":"EntryPoint","urlTemplate":"https:\/\/vilavilarino.com\/?s={search_term_string}"},"query-input":{"@type":"PropertyValueSpecification","valueRequired":true,"valueName":"search_term_string"}}],"inLanguage":"es"},{"@type":"Organization","@id":"https:\/\/vilavilarino.com\/#organization","name":"vilavilarino EN","url":"https:\/\/vilavilarino.com\/","logo":{"@type":"ImageObject","inLanguage":"es","@id":"https:\/\/vilavilarino.com\/#\/schema\/logo\/image\/","url":"https:\/\/vilavilarino.com\/en\/wp-content\/uploads\/sites\/2\/Logo-vilavilarino-1.webp","contentUrl":"https:\/\/vilavilarino.com\/en\/wp-content\/uploads\/sites\/2\/Logo-vilavilarino-1.webp","width":500,"height":400,"caption":"vilavilarino EN"},"image":{"@id":"https:\/\/vilavilarino.com\/#\/schema\/logo\/image\/"}}]}},"_links":{"self":[{"href":"https:\/\/vilavilarino.com\/en\/wp-json\/wp\/v2\/pages\/1606","targetHints":{"allow":["GET"]}}],"collection":[{"href":"https:\/\/vilavilarino.com\/en\/wp-json\/wp\/v2\/pages"}],"about":[{"href":"https:\/\/vilavilarino.com\/en\/wp-json\/wp\/v2\/types\/page"}],"author":[{"embeddable":true,"href":"https:\/\/vilavilarino.com\/en\/wp-json\/wp\/v2\/users\/1"}],"replies":[{"embeddable":true,"href":"https:\/\/vilavilarino.com\/en\/wp-json\/wp\/v2\/comments?post=1606"}],"version-history":[{"count":6,"href":"https:\/\/vilavilarino.com\/en\/wp-json\/wp\/v2\/pages\/1606\/revisions"}],"predecessor-version":[{"id":2050,"href":"https:\/\/vilavilarino.com\/en\/wp-json\/wp\/v2\/pages\/1606\/revisions\/2050"}],"wp:attachment":[{"href":"https:\/\/vilavilarino.com\/en\/wp-json\/wp\/v2\/media?parent=1606"}],"curies":[{"name":"wp","href":"https:\/\/api.w.org\/{rel}","templated":true}]}}