{"id":1465,"date":"2024-06-04T12:51:40","date_gmt":"2024-06-04T12:51:40","guid":{"rendered":"https:\/\/vilavilarino.com\/albergue-vila-vilarino-2\/"},"modified":"2024-10-03T10:29:07","modified_gmt":"2024-10-03T10:29:07","slug":"hotel-vila-vilarino","status":"publish","type":"page","link":"https:\/\/vilavilarino.com\/en\/hotel-vila-vilarino\/","title":{"rendered":"Hotel Vila Vilari\u00f1o"},"content":{"rendered":"\t\t<div data-elementor-type=\"wp-page\" data-elementor-id=\"1465\" class=\"elementor elementor-1465\" data-elementor-post-type=\"page\">\n\t\t\t\t<div class=\"elementor-element elementor-element-846ab5c e-flex e-con-boxed e-con e-parent\" data-id=\"846ab5c\" data-element_type=\"container\" data-e-type=\"container\" data-settings=\"{&quot;background_background&quot;:&quot;classic&quot;}\">\n\t\t\t\t\t<div class=\"e-con-inner\">\n\t\t\t\t<div class=\"elementor-element elementor-element-7075450 elementor-widget elementor-widget-heading\" data-id=\"7075450\" data-element_type=\"widget\" data-e-type=\"widget\" data-widget_type=\"heading.default\">\n\t\t\t\t<div class=\"elementor-widget-container\">\n\t\t\t\t\t<h2 class=\"elementor-heading-title elementor-size-default\">ALBERGUE, hotel and restaurant in Vilari\u00f1o de Conso<\/h2>\t\t\t\t<\/div>\n\t\t\t\t<\/div>\n\t\t\t\t<div class=\"elementor-element elementor-element-bfa44a8 elementor-widget elementor-widget-heading\" data-id=\"bfa44a8\" data-element_type=\"widget\" data-e-type=\"widget\" data-widget_type=\"heading.default\">\n\t\t\t\t<div class=\"elementor-widget-container\">\n\t\t\t\t\t<h2 class=\"elementor-heading-title elementor-size-default\">THE HOTEL<\/h2>\t\t\t\t<\/div>\n\t\t\t\t<\/div>\n\t\t\t\t\t<\/div>\n\t\t\t\t<\/div>\n\t\t<div class=\"elementor-element elementor-element-39729d8a e-con-full e-flex e-con e-parent\" data-id=\"39729d8a\" data-element_type=\"container\" data-e-type=\"container\" data-settings=\"{&quot;background_background&quot;:&quot;classic&quot;}\">\n\t\t\t\t<div class=\"elementor-element elementor-element-28a89348 elementor-widget-tablet__width-initial elementor-widget elementor-widget-shortcode\" data-id=\"28a89348\" data-element_type=\"widget\" data-e-type=\"widget\" data-widget_type=\"shortcode.default\">\n\t\t\t\t<div class=\"elementor-widget-container\">\n\t\t\t\t\t\t\t<div class=\"elementor-shortcode\">[av_calendar id=1]<\/div>\n\t\t\t\t\t\t<\/div>\n\t\t\t\t<\/div>\n\t\t\t\t<\/div>\n\t\t<div class=\"elementor-element elementor-element-17cf748 e-flex e-con-boxed e-con e-parent\" data-id=\"17cf748\" data-element_type=\"container\" data-e-type=\"container\">\n\t\t\t\t\t<div class=\"e-con-inner\">\n\t\t<div class=\"elementor-element elementor-element-795a3d8 e-con-full e-flex e-con e-child\" data-id=\"795a3d8\" data-element_type=\"container\" data-e-type=\"container\" data-settings=\"{&quot;background_background&quot;:&quot;classic&quot;}\">\n\t\t\t\t<\/div>\n\t\t<div class=\"elementor-element elementor-element-28f91c8 e-con-full e-flex e-con e-child\" data-id=\"28f91c8\" data-element_type=\"container\" data-e-type=\"container\" data-settings=\"{&quot;background_background&quot;:&quot;classic&quot;}\">\n\t\t\t\t<div class=\"elementor-element elementor-element-e36a2fd elementor-widget elementor-widget-heading\" data-id=\"e36a2fd\" data-element_type=\"widget\" data-e-type=\"widget\" data-widget_type=\"heading.default\">\n\t\t\t\t<div class=\"elementor-widget-container\">\n\t\t\t\t\t<h2 class=\"elementor-heading-title elementor-size-default\">Double room<\/h2>\t\t\t\t<\/div>\n\t\t\t\t<\/div>\n\t\t\t\t<div class=\"elementor-element elementor-element-bb9a649 elementor-widget-divider--view-line elementor-widget elementor-widget-divider\" data-id=\"bb9a649\" data-element_type=\"widget\" data-e-type=\"widget\" data-widget_type=\"divider.default\">\n\t\t\t\t<div class=\"elementor-widget-container\">\n\t\t\t\t\t\t\t<div class=\"elementor-divider\">\n\t\t\t<span class=\"elementor-divider-separator\">\n\t\t\t\t\t\t<\/span>\n\t\t<\/div>\n\t\t\t\t\t\t<\/div>\n\t\t\t\t<\/div>\n\t\t\t\t<div class=\"elementor-element elementor-element-4631315 elementor-widget elementor-widget-text-editor\" data-id=\"4631315\" data-element_type=\"widget\" data-e-type=\"widget\" data-widget_type=\"text-editor.default\">\n\t\t\t\t<div class=\"elementor-widget-container\">\n\t\t\t\t\t\t\t\t\t<p>Double room with two beds of 90 cm and private bathroom with bathtub, sink, toilet and bidet. In our accommodation, you can enjoy your stay in an exceptional place. We accept pets with a supplement of 15\u20ac\/day. Check availability at the accommodation.<\/p>\t\t\t\t\t\t\t\t<\/div>\n\t\t\t\t<\/div>\n\t\t\t\t<div class=\"elementor-element elementor-element-019fe2a elementor-align-justify elementor-widget__width-initial elementor-widget elementor-widget-button\" data-id=\"019fe2a\" data-element_type=\"widget\" data-e-type=\"widget\" data-widget_type=\"button.default\">\n\t\t\t\t<div class=\"elementor-widget-container\">\n\t\t\t\t\t\t\t\t\t<div class=\"elementor-button-wrapper\">\n\t\t\t\t\t<a class=\"elementor-button elementor-button-link elementor-size-sm\" href=\"https:\/\/booking.avirato.com\/?code=61169081&#038;id_habitacion=1\" target=\"_blank\">\n\t\t\t\t\t\t<span class=\"elementor-button-content-wrapper\">\n\t\t\t\t\t\t\t\t\t<span class=\"elementor-button-text\">BOOK<\/span>\n\t\t\t\t\t<\/span>\n\t\t\t\t\t<\/a>\n\t\t\t\t<\/div>\n\t\t\t\t\t\t\t\t<\/div>\n\t\t\t\t<\/div>\n\t\t\t\t<div class=\"elementor-element elementor-element-aaf142e elementor-widget elementor-widget-heading\" data-id=\"aaf142e\" data-element_type=\"widget\" data-e-type=\"widget\" data-widget_type=\"heading.default\">\n\t\t\t\t<div class=\"elementor-widget-container\">\n\t\t\t\t\t<h2 class=\"elementor-heading-title elementor-size-default\">Double room with private bathroom adapted to P.M.R.<\/h2>\t\t\t\t<\/div>\n\t\t\t\t<\/div>\n\t\t\t\t<div class=\"elementor-element elementor-element-52426a1 elementor-widget-divider--view-line elementor-widget elementor-widget-divider\" data-id=\"52426a1\" data-element_type=\"widget\" data-e-type=\"widget\" data-widget_type=\"divider.default\">\n\t\t\t\t<div class=\"elementor-widget-container\">\n\t\t\t\t\t\t\t<div class=\"elementor-divider\">\n\t\t\t<span class=\"elementor-divider-separator\">\n\t\t\t\t\t\t<\/span>\n\t\t<\/div>\n\t\t\t\t\t\t<\/div>\n\t\t\t\t<\/div>\n\t\t\t\t<div class=\"elementor-element elementor-element-d0a1481 elementor-widget elementor-widget-text-editor\" data-id=\"d0a1481\" data-element_type=\"widget\" data-e-type=\"widget\" data-widget_type=\"text-editor.default\">\n\t\t\t\t<div class=\"elementor-widget-container\">\n\t\t\t\t\t\t\t\t\t<p>Double room with two beds of 90 cm and a bunk bed for companions. Private bathroom with shower, sink and toilet.<\/p>\t\t\t\t\t\t\t\t<\/div>\n\t\t\t\t<\/div>\n\t\t\t\t<div class=\"elementor-element elementor-element-85cbc01 elementor-align-justify elementor-widget__width-initial elementor-widget elementor-widget-button\" data-id=\"85cbc01\" data-element_type=\"widget\" data-e-type=\"widget\" data-widget_type=\"button.default\">\n\t\t\t\t<div class=\"elementor-widget-container\">\n\t\t\t\t\t\t\t\t\t<div class=\"elementor-button-wrapper\">\n\t\t\t\t\t<a class=\"elementor-button elementor-button-link elementor-size-sm\" href=\"https:\/\/booking.avirato.com\/?code=61169081&#038;id_habitacion=6\" target=\"_blank\">\n\t\t\t\t\t\t<span class=\"elementor-button-content-wrapper\">\n\t\t\t\t\t\t\t\t\t<span class=\"elementor-button-text\">BOOK<\/span>\n\t\t\t\t\t<\/span>\n\t\t\t\t\t<\/a>\n\t\t\t\t<\/div>\n\t\t\t\t\t\t\t\t<\/div>\n\t\t\t\t<\/div>\n\t\t\t\t<\/div>\n\t\t\t\t\t<\/div>\n\t\t\t\t<\/div>\n\t\t<div class=\"elementor-element elementor-element-0e4cab4 e-con-full e-flex e-con e-parent\" data-id=\"0e4cab4\" data-element_type=\"container\" data-e-type=\"container\">\n\t\t<div class=\"elementor-element elementor-element-7d73235 e-con-full e-flex e-con e-child\" data-id=\"7d73235\" data-element_type=\"container\" data-e-type=\"container\" data-settings=\"{&quot;background_background&quot;:&quot;classic&quot;}\">\n\t\t\t\t<div class=\"elementor-element elementor-element-310ca75 elementor-widget elementor-widget-heading\" data-id=\"310ca75\" data-element_type=\"widget\" data-e-type=\"widget\" data-widget_type=\"heading.default\">\n\t\t\t\t<div class=\"elementor-widget-container\">\n\t\t\t\t\t<h2 class=\"elementor-heading-title elementor-size-default\">Discounts!<\/h2>\t\t\t\t<\/div>\n\t\t\t\t<\/div>\n\t\t\t\t<div class=\"elementor-element elementor-element-bfa3c3c elementor-widget elementor-widget-text-editor\" data-id=\"bfa3c3c\" data-element_type=\"widget\" data-e-type=\"widget\" data-widget_type=\"text-editor.default\">\n\t\t\t\t<div class=\"elementor-widget-container\">\n\t\t\t\t\t\t\t\t\t<div class=\"flex flex-grow flex-col max-w-full\"><div class=\"min-h-[20px] text-message flex flex-col items-start whitespace-pre-wrap break-words [.text-message+&amp;]:mt-5 juice:w-full juice:items-end overflow-x-auto gap-2\" dir=\"auto\" data-message-author-role=\"assistant\" data-message-id=\"358193f0-de2f-489b-975f-eb01d0e97873\"><div class=\"flex w-full flex-col gap-1 juice:empty:hidden juice:first:pt-[3px]\"><div class=\"markdown prose w-full break-words dark:prose-invert light\"><p>Another great advantage of staying at our hostel are the <strong>special discounts<\/strong> we offer for <strong>groups of more than 10 people<\/strong>.<\/p><p>This makes Vila Vilari\u00f1o Albergue, Hotel and Restaurant a perfect choice for corporate travel, team retreats or gatherings of friends. You can enjoy <strong>reduced rates<\/strong> while immersing yourself in a unique natural environment, fostering camaraderie and team spirit in a relaxed and revitalizing atmosphere.<\/p><\/div><\/div><\/div><\/div>\t\t\t\t\t\t\t\t<\/div>\n\t\t\t\t<\/div>\n\t\t\t\t<div class=\"elementor-element elementor-element-bfcc50d elementor-align-justify elementor-widget__width-initial elementor-widget elementor-widget-button\" data-id=\"bfcc50d\" data-element_type=\"widget\" data-e-type=\"widget\" data-widget_type=\"button.default\">\n\t\t\t\t<div class=\"elementor-widget-container\">\n\t\t\t\t\t\t\t\t\t<div class=\"elementor-button-wrapper\">\n\t\t\t\t\t<a class=\"elementor-button elementor-button-link elementor-size-sm\" href=\"https:\/\/booking.avirato.com\/?code=61169081\" target=\"_blank\">\n\t\t\t\t\t\t<span class=\"elementor-button-content-wrapper\">\n\t\t\t\t\t\t\t\t\t<span class=\"elementor-button-text\">BOOK<\/span>\n\t\t\t\t\t<\/span>\n\t\t\t\t\t<\/a>\n\t\t\t\t<\/div>\n\t\t\t\t\t\t\t\t<\/div>\n\t\t\t\t<\/div>\n\t\t\t\t<\/div>\n\t\t<div class=\"elementor-element elementor-element-9763bfc e-con-full e-flex e-con e-child\" data-id=\"9763bfc\" data-element_type=\"container\" data-e-type=\"container\" data-settings=\"{&quot;background_background&quot;:&quot;classic&quot;}\">\n\t\t\t\t<\/div>\n\t\t\t\t<\/div>\n\t\t\t\t<\/div>\n\t\t","protected":false},"excerpt":{"rendered":"<p>ALBERGUE, hotel and restaurant in Vilari\u00f1o de Conso THE HOTEL [av_calendar id=1] Double room Double room with two beds of 90 cm and private bathroom with bathtub, sink, toilet and bidet. In our accommodation, you can enjoy your stay in an exceptional place. We accept pets with a supplement of 15\u20ac\/day. Check availability at the [&hellip;]<\/p>\n","protected":false},"author":1,"featured_media":0,"parent":0,"menu_order":0,"comment_status":"closed","ping_status":"closed","template":"","meta":{"footnotes":""},"class_list":["post-1465","page","type-page","status-publish","hentry"],"yoast_head":"<!-- This site is optimized with the Yoast SEO plugin v27.4 - https:\/\/yoast.com\/product\/yoast-seo-wordpress\/ -->\n<title>Vila Vilari\u00f1o - Hotel, albergue y restaurante en Vilari\u00f1o de Conso<\/title>\n<meta name=\"description\" content=\"Enclavado en el coraz\u00f3n de Ourense, alojarte en Vila Vilari\u00f1o es ideal si nos visitas. Ofrecemos habitaciones compartidas o privadas.\" \/>\n<meta name=\"robots\" content=\"index, follow, max-snippet:-1, max-image-preview:large, max-video-preview:-1\" \/>\n<link rel=\"canonical\" href=\"https:\/\/vilavilarino.com\/hotel-vila-vilarino\/\" \/>\n<meta property=\"og:locale\" content=\"es_ES\" \/>\n<meta property=\"og:type\" content=\"article\" \/>\n<meta property=\"og:title\" content=\"Vila Vilari\u00f1o - Hotel, albergue y restaurante en Vilari\u00f1o de Conso\" \/>\n<meta property=\"og:description\" content=\"Enclavado en el coraz\u00f3n de Ourense, alojarte en Vila Vilari\u00f1o es ideal si nos visitas. Ofrecemos habitaciones compartidas o privadas.\" \/>\n<meta property=\"og:url\" content=\"https:\/\/vilavilarino.com\/hotel-vila-vilarino\/\" \/>\n<meta property=\"og:site_name\" content=\"vilavilarino EN\" \/>\n<meta property=\"article:modified_time\" content=\"2024-10-03T10:29:07+00:00\" \/>\n<meta name=\"twitter:card\" content=\"summary_large_image\" \/>\n<meta name=\"twitter:label1\" content=\"Tiempo de lectura\" \/>\n\t<meta name=\"twitter:data1\" content=\"1 minuto\" \/>\n<script type=\"application\/ld+json\" class=\"yoast-schema-graph\">{\"@context\":\"https:\\\/\\\/schema.org\",\"@graph\":[{\"@type\":\"WebPage\",\"@id\":\"https:\\\/\\\/vilavilarino.com\\\/hotel-vila-vilarino\\\/\",\"url\":\"https:\\\/\\\/vilavilarino.com\\\/hotel-vila-vilarino\\\/\",\"name\":\"Vila Vilari\u00f1o - Hotel, albergue y restaurante en Vilari\u00f1o de Conso\",\"isPartOf\":{\"@id\":\"https:\\\/\\\/vilavilarino.com\\\/#website\"},\"datePublished\":\"2024-06-04T12:51:40+00:00\",\"dateModified\":\"2024-10-03T10:29:07+00:00\",\"description\":\"Enclavado en el coraz\u00f3n de Ourense, alojarte en Vila Vilari\u00f1o es ideal si nos visitas. Ofrecemos habitaciones compartidas o privadas.\",\"breadcrumb\":{\"@id\":\"https:\\\/\\\/vilavilarino.com\\\/hotel-vila-vilarino\\\/#breadcrumb\"},\"inLanguage\":\"es\",\"potentialAction\":[{\"@type\":\"ReadAction\",\"target\":[\"https:\\\/\\\/vilavilarino.com\\\/hotel-vila-vilarino\\\/\"]}]},{\"@type\":\"BreadcrumbList\",\"@id\":\"https:\\\/\\\/vilavilarino.com\\\/hotel-vila-vilarino\\\/#breadcrumb\",\"itemListElement\":[{\"@type\":\"ListItem\",\"position\":1,\"name\":\"Portada\",\"item\":\"https:\\\/\\\/vilavilarino.com\\\/\"},{\"@type\":\"ListItem\",\"position\":2,\"name\":\"Hotel Vila Vilari\u00f1o\"}]},{\"@type\":\"WebSite\",\"@id\":\"https:\\\/\\\/vilavilarino.com\\\/#website\",\"url\":\"https:\\\/\\\/vilavilarino.com\\\/\",\"name\":\"vilavilarino EN\",\"description\":\"Albergue, hotel  y restaurante Vila Vilari\u00f1o\",\"publisher\":{\"@id\":\"https:\\\/\\\/vilavilarino.com\\\/#organization\"},\"potentialAction\":[{\"@type\":\"SearchAction\",\"target\":{\"@type\":\"EntryPoint\",\"urlTemplate\":\"https:\\\/\\\/vilavilarino.com\\\/?s={search_term_string}\"},\"query-input\":{\"@type\":\"PropertyValueSpecification\",\"valueRequired\":true,\"valueName\":\"search_term_string\"}}],\"inLanguage\":\"es\"},{\"@type\":\"Organization\",\"@id\":\"https:\\\/\\\/vilavilarino.com\\\/#organization\",\"name\":\"vilavilarino EN\",\"url\":\"https:\\\/\\\/vilavilarino.com\\\/\",\"logo\":{\"@type\":\"ImageObject\",\"inLanguage\":\"es\",\"@id\":\"https:\\\/\\\/vilavilarino.com\\\/#\\\/schema\\\/logo\\\/image\\\/\",\"url\":\"https:\\\/\\\/vilavilarino.com\\\/en\\\/wp-content\\\/uploads\\\/sites\\\/2\\\/Logo-vilavilarino-1.webp\",\"contentUrl\":\"https:\\\/\\\/vilavilarino.com\\\/en\\\/wp-content\\\/uploads\\\/sites\\\/2\\\/Logo-vilavilarino-1.webp\",\"width\":500,\"height\":400,\"caption\":\"vilavilarino EN\"},\"image\":{\"@id\":\"https:\\\/\\\/vilavilarino.com\\\/#\\\/schema\\\/logo\\\/image\\\/\"}}]}<\/script>\n<!-- \/ Yoast SEO plugin. -->","yoast_head_json":{"title":"Vila Vilari\u00f1o - Hotel, albergue y restaurante en Vilari\u00f1o de Conso","description":"Enclavado en el coraz\u00f3n de Ourense, alojarte en Vila Vilari\u00f1o es ideal si nos visitas. Ofrecemos habitaciones compartidas o privadas.","robots":{"index":"index","follow":"follow","max-snippet":"max-snippet:-1","max-image-preview":"max-image-preview:large","max-video-preview":"max-video-preview:-1"},"canonical":"https:\/\/vilavilarino.com\/hotel-vila-vilarino\/","og_locale":"es_ES","og_type":"article","og_title":"Vila Vilari\u00f1o - Hotel, albergue y restaurante en Vilari\u00f1o de Conso","og_description":"Enclavado en el coraz\u00f3n de Ourense, alojarte en Vila Vilari\u00f1o es ideal si nos visitas. Ofrecemos habitaciones compartidas o privadas.","og_url":"https:\/\/vilavilarino.com\/hotel-vila-vilarino\/","og_site_name":"vilavilarino EN","article_modified_time":"2024-10-03T10:29:07+00:00","twitter_card":"summary_large_image","twitter_misc":{"Tiempo de lectura":"1 minuto"},"schema":{"@context":"https:\/\/schema.org","@graph":[{"@type":"WebPage","@id":"https:\/\/vilavilarino.com\/hotel-vila-vilarino\/","url":"https:\/\/vilavilarino.com\/hotel-vila-vilarino\/","name":"Vila Vilari\u00f1o - Hotel, albergue y restaurante en Vilari\u00f1o de Conso","isPartOf":{"@id":"https:\/\/vilavilarino.com\/#website"},"datePublished":"2024-06-04T12:51:40+00:00","dateModified":"2024-10-03T10:29:07+00:00","description":"Enclavado en el coraz\u00f3n de Ourense, alojarte en Vila Vilari\u00f1o es ideal si nos visitas. Ofrecemos habitaciones compartidas o privadas.","breadcrumb":{"@id":"https:\/\/vilavilarino.com\/hotel-vila-vilarino\/#breadcrumb"},"inLanguage":"es","potentialAction":[{"@type":"ReadAction","target":["https:\/\/vilavilarino.com\/hotel-vila-vilarino\/"]}]},{"@type":"BreadcrumbList","@id":"https:\/\/vilavilarino.com\/hotel-vila-vilarino\/#breadcrumb","itemListElement":[{"@type":"ListItem","position":1,"name":"Portada","item":"https:\/\/vilavilarino.com\/"},{"@type":"ListItem","position":2,"name":"Hotel Vila Vilari\u00f1o"}]},{"@type":"WebSite","@id":"https:\/\/vilavilarino.com\/#website","url":"https:\/\/vilavilarino.com\/","name":"vilavilarino EN","description":"Albergue, hotel  y restaurante Vila Vilari\u00f1o","publisher":{"@id":"https:\/\/vilavilarino.com\/#organization"},"potentialAction":[{"@type":"SearchAction","target":{"@type":"EntryPoint","urlTemplate":"https:\/\/vilavilarino.com\/?s={search_term_string}"},"query-input":{"@type":"PropertyValueSpecification","valueRequired":true,"valueName":"search_term_string"}}],"inLanguage":"es"},{"@type":"Organization","@id":"https:\/\/vilavilarino.com\/#organization","name":"vilavilarino EN","url":"https:\/\/vilavilarino.com\/","logo":{"@type":"ImageObject","inLanguage":"es","@id":"https:\/\/vilavilarino.com\/#\/schema\/logo\/image\/","url":"https:\/\/vilavilarino.com\/en\/wp-content\/uploads\/sites\/2\/Logo-vilavilarino-1.webp","contentUrl":"https:\/\/vilavilarino.com\/en\/wp-content\/uploads\/sites\/2\/Logo-vilavilarino-1.webp","width":500,"height":400,"caption":"vilavilarino EN"},"image":{"@id":"https:\/\/vilavilarino.com\/#\/schema\/logo\/image\/"}}]}},"_links":{"self":[{"href":"https:\/\/vilavilarino.com\/en\/wp-json\/wp\/v2\/pages\/1465","targetHints":{"allow":["GET"]}}],"collection":[{"href":"https:\/\/vilavilarino.com\/en\/wp-json\/wp\/v2\/pages"}],"about":[{"href":"https:\/\/vilavilarino.com\/en\/wp-json\/wp\/v2\/types\/page"}],"author":[{"embeddable":true,"href":"https:\/\/vilavilarino.com\/en\/wp-json\/wp\/v2\/users\/1"}],"replies":[{"embeddable":true,"href":"https:\/\/vilavilarino.com\/en\/wp-json\/wp\/v2\/comments?post=1465"}],"version-history":[{"count":12,"href":"https:\/\/vilavilarino.com\/en\/wp-json\/wp\/v2\/pages\/1465\/revisions"}],"predecessor-version":[{"id":2073,"href":"https:\/\/vilavilarino.com\/en\/wp-json\/wp\/v2\/pages\/1465\/revisions\/2073"}],"wp:attachment":[{"href":"https:\/\/vilavilarino.com\/en\/wp-json\/wp\/v2\/media?parent=1465"}],"curies":[{"name":"wp","href":"https:\/\/api.w.org\/{rel}","templated":true}]}}