{"id":1191,"date":"2024-06-04T12:51:40","date_gmt":"2024-06-04T12:51:40","guid":{"rendered":"https:\/\/vilavilarino.com\/?page_id=1191"},"modified":"2024-10-03T10:28:50","modified_gmt":"2024-10-03T10:28:50","slug":"albergue-vila-vilarino","status":"publish","type":"page","link":"https:\/\/vilavilarino.com\/en\/albergue-vila-vilarino\/","title":{"rendered":"Albergue Vila Vilari\u00f1o de Conso"},"content":{"rendered":"\t\t<div data-elementor-type=\"wp-page\" data-elementor-id=\"1191\" class=\"elementor elementor-1191\" data-elementor-post-type=\"page\">\n\t\t\t\t<div class=\"elementor-element elementor-element-846ab5c e-flex e-con-boxed e-con e-parent\" data-id=\"846ab5c\" data-element_type=\"container\" data-e-type=\"container\" data-settings=\"{&quot;background_background&quot;:&quot;classic&quot;}\">\n\t\t\t\t\t<div class=\"e-con-inner\">\n\t\t\t\t<div class=\"elementor-element elementor-element-7075450 elementor-widget elementor-widget-heading\" data-id=\"7075450\" data-element_type=\"widget\" data-e-type=\"widget\" data-widget_type=\"heading.default\">\n\t\t\t\t<div class=\"elementor-widget-container\">\n\t\t\t\t\t<h1 class=\"elementor-heading-title elementor-size-default\">ALBERGUE, hotel and restaurant in Vilari\u00f1o de Conso<\/h1>\t\t\t\t<\/div>\n\t\t\t\t<\/div>\n\t\t\t\t<div class=\"elementor-element elementor-element-bfa44a8 elementor-widget elementor-widget-heading\" data-id=\"bfa44a8\" data-element_type=\"widget\" data-e-type=\"widget\" data-widget_type=\"heading.default\">\n\t\t\t\t<div class=\"elementor-widget-container\">\n\t\t\t\t\t<h2 class=\"elementor-heading-title elementor-size-default\">THE HOSTEL<\/h2>\t\t\t\t<\/div>\n\t\t\t\t<\/div>\n\t\t\t\t\t<\/div>\n\t\t\t\t<\/div>\n\t\t<div class=\"elementor-element elementor-element-39729d8a e-con-full e-flex e-con e-parent\" data-id=\"39729d8a\" data-element_type=\"container\" data-e-type=\"container\" data-settings=\"{&quot;background_background&quot;:&quot;classic&quot;}\">\n\t\t\t\t<div class=\"elementor-element elementor-element-28a89348 elementor-widget-tablet__width-initial elementor-widget elementor-widget-shortcode\" data-id=\"28a89348\" data-element_type=\"widget\" data-e-type=\"widget\" data-widget_type=\"shortcode.default\">\n\t\t\t\t<div class=\"elementor-widget-container\">\n\t\t\t\t\t\t\t<div class=\"elementor-shortcode\">[av_calendar id=1]<\/div>\n\t\t\t\t\t\t<\/div>\n\t\t\t\t<\/div>\n\t\t\t\t<\/div>\n\t\t<div class=\"elementor-element elementor-element-60b4509 e-flex e-con-boxed e-con e-parent\" data-id=\"60b4509\" data-element_type=\"container\" data-e-type=\"container\">\n\t\t\t\t\t<div class=\"e-con-inner\">\n\t\t<div class=\"elementor-element elementor-element-d1b9359 e-con-full e-flex e-con e-child\" data-id=\"d1b9359\" data-element_type=\"container\" data-e-type=\"container\" data-settings=\"{&quot;background_background&quot;:&quot;classic&quot;}\">\n\t\t\t\t<\/div>\n\t\t<div class=\"elementor-element elementor-element-2a41cf3 e-con-full e-flex e-con e-child\" data-id=\"2a41cf3\" data-element_type=\"container\" data-e-type=\"container\" data-settings=\"{&quot;background_background&quot;:&quot;classic&quot;}\">\n\t\t\t\t<div class=\"elementor-element elementor-element-636ca33 elementor-widget elementor-widget-heading\" data-id=\"636ca33\" data-element_type=\"widget\" data-e-type=\"widget\" data-widget_type=\"heading.default\">\n\t\t\t\t<div class=\"elementor-widget-container\">\n\t\t\t\t\t<h2 class=\"elementor-heading-title elementor-size-default\">Vila Vilari\u00f1o Hostel<\/h2>\t\t\t\t<\/div>\n\t\t\t\t<\/div>\n\t\t\t\t<div class=\"elementor-element elementor-element-7382e87 elementor-widget elementor-widget-heading\" data-id=\"7382e87\" data-element_type=\"widget\" data-e-type=\"widget\" data-widget_type=\"heading.default\">\n\t\t\t\t<div class=\"elementor-widget-container\">\n\t\t\t\t\t<h3 class=\"elementor-heading-title elementor-size-default\">Your Refuge in Nature<\/h3>\t\t\t\t<\/div>\n\t\t\t\t<\/div>\n\t\t\t\t<div class=\"elementor-element elementor-element-b87c115 elementor-widget__width-initial elementor-widget elementor-widget-text-editor\" data-id=\"b87c115\" data-element_type=\"widget\" data-e-type=\"widget\" data-widget_type=\"text-editor.default\">\n\t\t\t\t<div class=\"elementor-widget-container\">\n\t\t\t\t\t\t\t\t\t<p>Opting for a hostel in the middle of nature, such as Vila Vilari\u00f1o in Galicia, is an excellent way to enjoy an exceptional natural environment.<\/p><p>Our 90cm mixed room bunk beds and shared bathrooms offer a comfortable and economical solution for those looking to explore the beauty of the Galician countryside.<\/p><p>This type of accommodation is ideal for hikers and adventurers, providing a cosy place to rest after a day of outdoor activities. In addition, we offer a <strong>luggage storage<\/strong>, allowing you to move around freely and comfortably during your stay. Check-in is from 1:00 pm and check-out is at 12:00 pm, giving you the time you need to make the most of your experience.<\/p>\t\t\t\t\t\t\t\t<\/div>\n\t\t\t\t<\/div>\n\t\t\t\t<div class=\"elementor-element elementor-element-402b511 elementor-widget elementor-widget-gallery\" data-id=\"402b511\" data-element_type=\"widget\" data-e-type=\"widget\" data-settings=\"{&quot;columns&quot;:3,&quot;columns_mobile&quot;:3,&quot;lazyload&quot;:&quot;yes&quot;,&quot;gallery_layout&quot;:&quot;grid&quot;,&quot;columns_tablet&quot;:2,&quot;gap&quot;:{&quot;unit&quot;:&quot;px&quot;,&quot;size&quot;:10,&quot;sizes&quot;:[]},&quot;gap_tablet&quot;:{&quot;unit&quot;:&quot;px&quot;,&quot;size&quot;:10,&quot;sizes&quot;:[]},&quot;gap_mobile&quot;:{&quot;unit&quot;:&quot;px&quot;,&quot;size&quot;:10,&quot;sizes&quot;:[]},&quot;link_to&quot;:&quot;file&quot;,&quot;aspect_ratio&quot;:&quot;3:2&quot;,&quot;overlay_background&quot;:&quot;yes&quot;,&quot;content_hover_animation&quot;:&quot;fade-in&quot;}\" data-widget_type=\"gallery.default\">\n\t\t\t\t<div class=\"elementor-widget-container\">\n\t\t\t\t\t\t\t<div class=\"elementor-gallery__container\">\n\t\t\t\t\t\t\t<a class=\"e-gallery-item elementor-gallery-item elementor-animated-content\" href=\"https:\/\/vilavilarino.com\/en\/wp-content\/uploads\/sites\/2\/entrada-exterior-y-parking-bicis-albergue-vila-vilarino.webp\" data-elementor-open-lightbox=\"yes\" data-elementor-lightbox-slideshow=\"402b511\" data-e-action-hash=\"#elementor-action%3Aaction%3Dlightbox%26settings%3DeyJpZCI6MjAzOCwidXJsIjoiaHR0cHM6XC9cL3ZpbGF2aWxhcmluby5jb21cL2VuXC93cC1jb250ZW50XC91cGxvYWRzXC9zaXRlc1wvMlwvZW50cmFkYS1leHRlcmlvci15LXBhcmtpbmctYmljaXMtYWxiZXJndWUtdmlsYS12aWxhcmluby53ZWJwIiwic2xpZGVzaG93IjoiNDAyYjUxMSJ9\">\n\t\t\t\t\t<div class=\"e-gallery-image elementor-gallery-item__image\" data-thumbnail=\"https:\/\/vilavilarino.com\/en\/wp-content\/uploads\/sites\/2\/entrada-exterior-y-parking-bicis-albergue-vila-vilarino-300x200.webp\" data-width=\"300\" data-height=\"200\" aria-label=\"\" role=\"img\" ><\/div>\n\t\t\t\t\t\t\t\t\t\t\t<div class=\"elementor-gallery-item__overlay\"><\/div>\n\t\t\t\t\t\t\t\t\t\t\t\t\t\t<\/a>\n\t\t\t\t\t\t\t<a class=\"e-gallery-item elementor-gallery-item elementor-animated-content\" href=\"https:\/\/vilavilarino.com\/en\/wp-content\/uploads\/sites\/2\/fachada-albergue-vila-vilarino-02.webp\" data-elementor-open-lightbox=\"yes\" data-elementor-lightbox-slideshow=\"402b511\" data-e-action-hash=\"#elementor-action%3Aaction%3Dlightbox%26settings%3DeyJpZCI6MjAzOSwidXJsIjoiaHR0cHM6XC9cL3ZpbGF2aWxhcmluby5jb21cL2VuXC93cC1jb250ZW50XC91cGxvYWRzXC9zaXRlc1wvMlwvZmFjaGFkYS1hbGJlcmd1ZS12aWxhLXZpbGFyaW5vLTAyLndlYnAiLCJzbGlkZXNob3ciOiI0MDJiNTExIn0%3D\">\n\t\t\t\t\t<div class=\"e-gallery-image elementor-gallery-item__image\" data-thumbnail=\"https:\/\/vilavilarino.com\/en\/wp-content\/uploads\/sites\/2\/fachada-albergue-vila-vilarino-02-300x169.webp\" data-width=\"300\" data-height=\"169\" aria-label=\"\" role=\"img\" ><\/div>\n\t\t\t\t\t\t\t\t\t\t\t<div class=\"elementor-gallery-item__overlay\"><\/div>\n\t\t\t\t\t\t\t\t\t\t\t\t\t\t<\/a>\n\t\t\t\t\t\t\t<a class=\"e-gallery-item elementor-gallery-item elementor-animated-content\" href=\"https:\/\/vilavilarino.com\/en\/wp-content\/uploads\/sites\/2\/fachada-albergue-vila-vilarino.webp\" data-elementor-open-lightbox=\"yes\" data-elementor-lightbox-slideshow=\"402b511\" data-e-action-hash=\"#elementor-action%3Aaction%3Dlightbox%26settings%3DeyJpZCI6MjA0MCwidXJsIjoiaHR0cHM6XC9cL3ZpbGF2aWxhcmluby5jb21cL2VuXC93cC1jb250ZW50XC91cGxvYWRzXC9zaXRlc1wvMlwvZmFjaGFkYS1hbGJlcmd1ZS12aWxhLXZpbGFyaW5vLndlYnAiLCJzbGlkZXNob3ciOiI0MDJiNTExIn0%3D\">\n\t\t\t\t\t<div class=\"e-gallery-image elementor-gallery-item__image\" data-thumbnail=\"https:\/\/vilavilarino.com\/en\/wp-content\/uploads\/sites\/2\/fachada-albergue-vila-vilarino-300x200.webp\" data-width=\"300\" data-height=\"200\" aria-label=\"\" role=\"img\" ><\/div>\n\t\t\t\t\t\t\t\t\t\t\t<div class=\"elementor-gallery-item__overlay\"><\/div>\n\t\t\t\t\t\t\t\t\t\t\t\t\t\t<\/a>\n\t\t\t\t\t<\/div>\n\t\t\t\t\t<\/div>\n\t\t\t\t<\/div>\n\t\t\t\t<\/div>\n\t\t\t\t\t<\/div>\n\t\t\t\t<\/div>\n\t\t<div class=\"elementor-element elementor-element-17cf748 e-flex e-con-boxed e-con e-parent\" data-id=\"17cf748\" data-element_type=\"container\" data-e-type=\"container\">\n\t\t\t\t\t<div class=\"e-con-inner\">\n\t\t<div class=\"elementor-element elementor-element-795a3d8 e-con-full e-flex e-con e-child\" data-id=\"795a3d8\" data-element_type=\"container\" data-e-type=\"container\" data-settings=\"{&quot;background_background&quot;:&quot;classic&quot;}\">\n\t\t\t\t<\/div>\n\t\t<div class=\"elementor-element elementor-element-28f91c8 e-con-full e-flex e-con e-child\" data-id=\"28f91c8\" data-element_type=\"container\" data-e-type=\"container\">\n\t\t\t\t<div class=\"elementor-element elementor-element-3cbf30c elementor-widget elementor-widget-image\" data-id=\"3cbf30c\" data-element_type=\"widget\" data-e-type=\"widget\" data-widget_type=\"image.default\">\n\t\t\t\t<div class=\"elementor-widget-container\">\n\t\t\t\t\t\t\t\t\t\t\t\t\t\t\t\t<a href=\"https:\/\/vilavilarino.com\/en\/wp-content\/uploads\/sites\/2\/camas-con-litera-albergue-vila-vilarino-01.webp\" data-elementor-open-lightbox=\"yes\" data-e-action-hash=\"#elementor-action%3Aaction%3Dlightbox%26settings%3DeyJpZCI6MjAyNiwidXJsIjoiaHR0cHM6XC9cL3ZpbGF2aWxhcmluby5jb21cL2VuXC93cC1jb250ZW50XC91cGxvYWRzXC9zaXRlc1wvMlwvY2FtYXMtY29uLWxpdGVyYS1hbGJlcmd1ZS12aWxhLXZpbGFyaW5vLTAxLndlYnAifQ%3D%3D\">\n\t\t\t\t\t\t\t<img fetchpriority=\"high\" decoding=\"async\" width=\"800\" height=\"534\" src=\"https:\/\/vilavilarino.com\/en\/wp-content\/uploads\/sites\/2\/camas-con-litera-albergue-vila-vilarino-01-1024x683.webp\" class=\"attachment-large size-large wp-image-2026\" alt=\"\" srcset=\"https:\/\/vilavilarino.com\/en\/wp-content\/uploads\/sites\/2\/camas-con-litera-albergue-vila-vilarino-01-1024x683.webp 1024w, https:\/\/vilavilarino.com\/en\/wp-content\/uploads\/sites\/2\/camas-con-litera-albergue-vila-vilarino-01-300x200.webp 300w, https:\/\/vilavilarino.com\/en\/wp-content\/uploads\/sites\/2\/camas-con-litera-albergue-vila-vilarino-01-768x512.webp 768w, https:\/\/vilavilarino.com\/en\/wp-content\/uploads\/sites\/2\/camas-con-litera-albergue-vila-vilarino-01-1536x1024.webp 1536w, https:\/\/vilavilarino.com\/en\/wp-content\/uploads\/sites\/2\/camas-con-litera-albergue-vila-vilarino-01.webp 1920w\" sizes=\"(max-width: 800px) 100vw, 800px\" \/>\t\t\t\t\t\t\t\t<\/a>\n\t\t\t\t\t\t\t\t\t\t\t\t\t\t\t<\/div>\n\t\t\t\t<\/div>\n\t\t\t\t<div class=\"elementor-element elementor-element-1acf03b elementor-align-justify elementor-widget__width-initial elementor-widget elementor-widget-button\" data-id=\"1acf03b\" data-element_type=\"widget\" data-e-type=\"widget\" data-widget_type=\"button.default\">\n\t\t\t\t<div class=\"elementor-widget-container\">\n\t\t\t\t\t\t\t\t\t<div class=\"elementor-button-wrapper\">\n\t\t\t\t\t<a class=\"elementor-button elementor-button-link elementor-size-sm\" href=\"https:\/\/booking.avirato.com\/?code=61169081&#038;id_habitacion=4\" target=\"_blank\">\n\t\t\t\t\t\t<span class=\"elementor-button-content-wrapper\">\n\t\t\t\t\t\t\t\t\t<span class=\"elementor-button-text\">BOOK<\/span>\n\t\t\t\t\t<\/span>\n\t\t\t\t\t<\/a>\n\t\t\t\t<\/div>\n\t\t\t\t\t\t\t\t<\/div>\n\t\t\t\t<\/div>\n\t\t\t\t<\/div>\n\t\t\t\t\t<\/div>\n\t\t\t\t<\/div>\n\t\t<div class=\"elementor-element elementor-element-0e4cab4 e-con-full e-flex e-con e-parent\" data-id=\"0e4cab4\" data-element_type=\"container\" data-e-type=\"container\">\n\t\t<div class=\"elementor-element elementor-element-7d73235 e-con-full e-flex e-con e-child\" data-id=\"7d73235\" data-element_type=\"container\" data-e-type=\"container\" data-settings=\"{&quot;background_background&quot;:&quot;classic&quot;}\">\n\t\t\t\t<div class=\"elementor-element elementor-element-310ca75 elementor-widget elementor-widget-heading\" data-id=\"310ca75\" data-element_type=\"widget\" data-e-type=\"widget\" data-widget_type=\"heading.default\">\n\t\t\t\t<div class=\"elementor-widget-container\">\n\t\t\t\t\t<h2 class=\"elementor-heading-title elementor-size-default\">Discounts!<\/h2>\t\t\t\t<\/div>\n\t\t\t\t<\/div>\n\t\t\t\t<div class=\"elementor-element elementor-element-bfa3c3c elementor-widget elementor-widget-text-editor\" data-id=\"bfa3c3c\" data-element_type=\"widget\" data-e-type=\"widget\" data-widget_type=\"text-editor.default\">\n\t\t\t\t<div class=\"elementor-widget-container\">\n\t\t\t\t\t\t\t\t\t<div class=\"flex flex-grow flex-col max-w-full\"><div class=\"min-h-[20px] text-message flex flex-col items-start whitespace-pre-wrap break-words [.text-message+&amp;]:mt-5 juice:w-full juice:items-end overflow-x-auto gap-2\" dir=\"auto\" data-message-author-role=\"assistant\" data-message-id=\"358193f0-de2f-489b-975f-eb01d0e97873\"><div class=\"flex w-full flex-col gap-1 juice:empty:hidden juice:first:pt-[3px]\"><div class=\"markdown prose w-full break-words dark:prose-invert light\"><p>Another great advantage of staying at our hostel are the <strong>special discounts<\/strong> we offer for <strong>groups of more than 10 people<\/strong>.<\/p><p>This makes Vila Vilari\u00f1o Albergue &#8211; Hotel and Restaurant a perfect choice for corporate travel, team retreats or gatherings of friends. You can enjoy <strong>reduced rates<\/strong> while immersing yourself in a unique natural environment, fostering camaraderie and team spirit in a relaxed and revitalizing atmosphere.<\/p><\/div><\/div><\/div><\/div>\t\t\t\t\t\t\t\t<\/div>\n\t\t\t\t<\/div>\n\t\t\t\t<div class=\"elementor-element elementor-element-bfcc50d elementor-align-justify elementor-widget__width-initial elementor-widget elementor-widget-button\" data-id=\"bfcc50d\" data-element_type=\"widget\" data-e-type=\"widget\" data-widget_type=\"button.default\">\n\t\t\t\t<div class=\"elementor-widget-container\">\n\t\t\t\t\t\t\t\t\t<div class=\"elementor-button-wrapper\">\n\t\t\t\t\t<a class=\"elementor-button elementor-button-link elementor-size-sm\" href=\"https:\/\/booking.avirato.com\/?code=61169081\" target=\"_blank\">\n\t\t\t\t\t\t<span class=\"elementor-button-content-wrapper\">\n\t\t\t\t\t\t\t\t\t<span class=\"elementor-button-text\">BOOK<\/span>\n\t\t\t\t\t<\/span>\n\t\t\t\t\t<\/a>\n\t\t\t\t<\/div>\n\t\t\t\t\t\t\t\t<\/div>\n\t\t\t\t<\/div>\n\t\t\t\t<\/div>\n\t\t<div class=\"elementor-element elementor-element-9763bfc e-con-full e-flex e-con e-child\" data-id=\"9763bfc\" data-element_type=\"container\" data-e-type=\"container\" data-settings=\"{&quot;background_background&quot;:&quot;classic&quot;}\">\n\t\t\t\t<\/div>\n\t\t\t\t<\/div>\n\t\t\t\t<\/div>\n\t\t","protected":false},"excerpt":{"rendered":"<p>ALBERGUE, hotel and restaurant in Vilari\u00f1o de Conso THE HOSTEL [av_calendar id=1] Vila Vilari\u00f1o Hostel Your Refuge in Nature Opting for a hostel in the middle of nature, such as Vila Vilari\u00f1o in Galicia, is an excellent way to enjoy an exceptional natural environment. Our 90cm mixed room bunk beds and shared bathrooms offer a [&hellip;]<\/p>\n","protected":false},"author":1,"featured_media":0,"parent":0,"menu_order":0,"comment_status":"closed","ping_status":"closed","template":"","meta":{"footnotes":""},"class_list":["post-1191","page","type-page","status-publish","hentry"],"yoast_head":"<!-- This site is optimized with the Yoast SEO plugin v27.4 - https:\/\/yoast.com\/product\/yoast-seo-wordpress\/ -->\n<title>Vila Vilari\u00f1o - Albergue y hotel en Vilari\u00f1o de Conso, Ourense<\/title>\n<meta name=\"description\" content=\"Nuestras literas en habitaci\u00f3n mixta y ba\u00f1os compartidos ofrecen una soluci\u00f3n c\u00f3moda y econ\u00f3mica para quienes buscan explorar la naturaleza gallega.\" \/>\n<meta name=\"robots\" content=\"index, follow, max-snippet:-1, max-image-preview:large, max-video-preview:-1\" \/>\n<link rel=\"canonical\" href=\"https:\/\/vilavilarino.com\/albergue-vila-vilarino\/\" \/>\n<meta property=\"og:locale\" content=\"es_ES\" \/>\n<meta property=\"og:type\" content=\"article\" \/>\n<meta property=\"og:title\" content=\"Vila Vilari\u00f1o - Albergue y hotel en Vilari\u00f1o de Conso, Ourense\" \/>\n<meta property=\"og:description\" content=\"Nuestras literas en habitaci\u00f3n mixta y ba\u00f1os compartidos ofrecen una soluci\u00f3n c\u00f3moda y econ\u00f3mica para quienes buscan explorar la naturaleza gallega.\" \/>\n<meta property=\"og:url\" content=\"https:\/\/vilavilarino.com\/albergue-vila-vilarino\/\" \/>\n<meta property=\"og:site_name\" content=\"vilavilarino EN\" \/>\n<meta property=\"article:modified_time\" content=\"2024-10-03T10:28:50+00:00\" \/>\n<meta property=\"og:image\" content=\"https:\/\/vilavilarino.com\/wp-content\/uploads\/habitacion-con-literas-vila-vilarino.webp\" \/>\n<meta name=\"twitter:card\" content=\"summary_large_image\" \/>\n<meta name=\"twitter:label1\" content=\"Tiempo de lectura\" \/>\n\t<meta name=\"twitter:data1\" content=\"2 minutos\" \/>\n<script type=\"application\/ld+json\" class=\"yoast-schema-graph\">{\"@context\":\"https:\\\/\\\/schema.org\",\"@graph\":[{\"@type\":\"WebPage\",\"@id\":\"https:\\\/\\\/vilavilarino.com\\\/albergue-vila-vilarino\\\/\",\"url\":\"https:\\\/\\\/vilavilarino.com\\\/albergue-vila-vilarino\\\/\",\"name\":\"Vila Vilari\u00f1o - Albergue y hotel en Vilari\u00f1o de Conso, Ourense\",\"isPartOf\":{\"@id\":\"https:\\\/\\\/vilavilarino.com\\\/#website\"},\"primaryImageOfPage\":{\"@id\":\"https:\\\/\\\/vilavilarino.com\\\/albergue-vila-vilarino\\\/#primaryimage\"},\"image\":{\"@id\":\"https:\\\/\\\/vilavilarino.com\\\/albergue-vila-vilarino\\\/#primaryimage\"},\"thumbnailUrl\":\"https:\\\/\\\/vilavilarino.com\\\/en\\\/wp-content\\\/uploads\\\/sites\\\/2\\\/camas-con-litera-albergue-vila-vilarino-01-1024x683.webp\",\"datePublished\":\"2024-06-04T12:51:40+00:00\",\"dateModified\":\"2024-10-03T10:28:50+00:00\",\"description\":\"Nuestras literas en habitaci\u00f3n mixta y ba\u00f1os compartidos ofrecen una soluci\u00f3n c\u00f3moda y econ\u00f3mica para quienes buscan explorar la naturaleza gallega.\",\"breadcrumb\":{\"@id\":\"https:\\\/\\\/vilavilarino.com\\\/albergue-vila-vilarino\\\/#breadcrumb\"},\"inLanguage\":\"es\",\"potentialAction\":[{\"@type\":\"ReadAction\",\"target\":[\"https:\\\/\\\/vilavilarino.com\\\/albergue-vila-vilarino\\\/\"]}]},{\"@type\":\"ImageObject\",\"inLanguage\":\"es\",\"@id\":\"https:\\\/\\\/vilavilarino.com\\\/albergue-vila-vilarino\\\/#primaryimage\",\"url\":\"https:\\\/\\\/vilavilarino.com\\\/en\\\/wp-content\\\/uploads\\\/sites\\\/2\\\/camas-con-litera-albergue-vila-vilarino-01-1024x683.webp\",\"contentUrl\":\"https:\\\/\\\/vilavilarino.com\\\/en\\\/wp-content\\\/uploads\\\/sites\\\/2\\\/camas-con-litera-albergue-vila-vilarino-01-1024x683.webp\"},{\"@type\":\"BreadcrumbList\",\"@id\":\"https:\\\/\\\/vilavilarino.com\\\/albergue-vila-vilarino\\\/#breadcrumb\",\"itemListElement\":[{\"@type\":\"ListItem\",\"position\":1,\"name\":\"Portada\",\"item\":\"https:\\\/\\\/vilavilarino.com\\\/\"},{\"@type\":\"ListItem\",\"position\":2,\"name\":\"Albergue Vila Vilari\u00f1o de Conso\"}]},{\"@type\":\"WebSite\",\"@id\":\"https:\\\/\\\/vilavilarino.com\\\/#website\",\"url\":\"https:\\\/\\\/vilavilarino.com\\\/\",\"name\":\"vilavilarino EN\",\"description\":\"Albergue, hotel  y restaurante Vila Vilari\u00f1o\",\"publisher\":{\"@id\":\"https:\\\/\\\/vilavilarino.com\\\/#organization\"},\"potentialAction\":[{\"@type\":\"SearchAction\",\"target\":{\"@type\":\"EntryPoint\",\"urlTemplate\":\"https:\\\/\\\/vilavilarino.com\\\/?s={search_term_string}\"},\"query-input\":{\"@type\":\"PropertyValueSpecification\",\"valueRequired\":true,\"valueName\":\"search_term_string\"}}],\"inLanguage\":\"es\"},{\"@type\":\"Organization\",\"@id\":\"https:\\\/\\\/vilavilarino.com\\\/#organization\",\"name\":\"vilavilarino EN\",\"url\":\"https:\\\/\\\/vilavilarino.com\\\/\",\"logo\":{\"@type\":\"ImageObject\",\"inLanguage\":\"es\",\"@id\":\"https:\\\/\\\/vilavilarino.com\\\/#\\\/schema\\\/logo\\\/image\\\/\",\"url\":\"https:\\\/\\\/vilavilarino.com\\\/en\\\/wp-content\\\/uploads\\\/sites\\\/2\\\/Logo-vilavilarino-1.webp\",\"contentUrl\":\"https:\\\/\\\/vilavilarino.com\\\/en\\\/wp-content\\\/uploads\\\/sites\\\/2\\\/Logo-vilavilarino-1.webp\",\"width\":500,\"height\":400,\"caption\":\"vilavilarino EN\"},\"image\":{\"@id\":\"https:\\\/\\\/vilavilarino.com\\\/#\\\/schema\\\/logo\\\/image\\\/\"}}]}<\/script>\n<!-- \/ Yoast SEO plugin. -->","yoast_head_json":{"title":"Vila Vilari\u00f1o - Albergue y hotel en Vilari\u00f1o de Conso, Ourense","description":"Nuestras literas en habitaci\u00f3n mixta y ba\u00f1os compartidos ofrecen una soluci\u00f3n c\u00f3moda y econ\u00f3mica para quienes buscan explorar la naturaleza gallega.","robots":{"index":"index","follow":"follow","max-snippet":"max-snippet:-1","max-image-preview":"max-image-preview:large","max-video-preview":"max-video-preview:-1"},"canonical":"https:\/\/vilavilarino.com\/albergue-vila-vilarino\/","og_locale":"es_ES","og_type":"article","og_title":"Vila Vilari\u00f1o - Albergue y hotel en Vilari\u00f1o de Conso, Ourense","og_description":"Nuestras literas en habitaci\u00f3n mixta y ba\u00f1os compartidos ofrecen una soluci\u00f3n c\u00f3moda y econ\u00f3mica para quienes buscan explorar la naturaleza gallega.","og_url":"https:\/\/vilavilarino.com\/albergue-vila-vilarino\/","og_site_name":"vilavilarino EN","article_modified_time":"2024-10-03T10:28:50+00:00","og_image":[{"url":"https:\/\/vilavilarino.com\/wp-content\/uploads\/habitacion-con-literas-vila-vilarino.webp","type":"","width":"","height":""}],"twitter_card":"summary_large_image","twitter_misc":{"Tiempo de lectura":"2 minutos"},"schema":{"@context":"https:\/\/schema.org","@graph":[{"@type":"WebPage","@id":"https:\/\/vilavilarino.com\/albergue-vila-vilarino\/","url":"https:\/\/vilavilarino.com\/albergue-vila-vilarino\/","name":"Vila Vilari\u00f1o - Albergue y hotel en Vilari\u00f1o de Conso, Ourense","isPartOf":{"@id":"https:\/\/vilavilarino.com\/#website"},"primaryImageOfPage":{"@id":"https:\/\/vilavilarino.com\/albergue-vila-vilarino\/#primaryimage"},"image":{"@id":"https:\/\/vilavilarino.com\/albergue-vila-vilarino\/#primaryimage"},"thumbnailUrl":"https:\/\/vilavilarino.com\/en\/wp-content\/uploads\/sites\/2\/camas-con-litera-albergue-vila-vilarino-01-1024x683.webp","datePublished":"2024-06-04T12:51:40+00:00","dateModified":"2024-10-03T10:28:50+00:00","description":"Nuestras literas en habitaci\u00f3n mixta y ba\u00f1os compartidos ofrecen una soluci\u00f3n c\u00f3moda y econ\u00f3mica para quienes buscan explorar la naturaleza gallega.","breadcrumb":{"@id":"https:\/\/vilavilarino.com\/albergue-vila-vilarino\/#breadcrumb"},"inLanguage":"es","potentialAction":[{"@type":"ReadAction","target":["https:\/\/vilavilarino.com\/albergue-vila-vilarino\/"]}]},{"@type":"ImageObject","inLanguage":"es","@id":"https:\/\/vilavilarino.com\/albergue-vila-vilarino\/#primaryimage","url":"https:\/\/vilavilarino.com\/en\/wp-content\/uploads\/sites\/2\/camas-con-litera-albergue-vila-vilarino-01-1024x683.webp","contentUrl":"https:\/\/vilavilarino.com\/en\/wp-content\/uploads\/sites\/2\/camas-con-litera-albergue-vila-vilarino-01-1024x683.webp"},{"@type":"BreadcrumbList","@id":"https:\/\/vilavilarino.com\/albergue-vila-vilarino\/#breadcrumb","itemListElement":[{"@type":"ListItem","position":1,"name":"Portada","item":"https:\/\/vilavilarino.com\/"},{"@type":"ListItem","position":2,"name":"Albergue Vila Vilari\u00f1o de Conso"}]},{"@type":"WebSite","@id":"https:\/\/vilavilarino.com\/#website","url":"https:\/\/vilavilarino.com\/","name":"vilavilarino EN","description":"Albergue, hotel  y restaurante Vila Vilari\u00f1o","publisher":{"@id":"https:\/\/vilavilarino.com\/#organization"},"potentialAction":[{"@type":"SearchAction","target":{"@type":"EntryPoint","urlTemplate":"https:\/\/vilavilarino.com\/?s={search_term_string}"},"query-input":{"@type":"PropertyValueSpecification","valueRequired":true,"valueName":"search_term_string"}}],"inLanguage":"es"},{"@type":"Organization","@id":"https:\/\/vilavilarino.com\/#organization","name":"vilavilarino EN","url":"https:\/\/vilavilarino.com\/","logo":{"@type":"ImageObject","inLanguage":"es","@id":"https:\/\/vilavilarino.com\/#\/schema\/logo\/image\/","url":"https:\/\/vilavilarino.com\/en\/wp-content\/uploads\/sites\/2\/Logo-vilavilarino-1.webp","contentUrl":"https:\/\/vilavilarino.com\/en\/wp-content\/uploads\/sites\/2\/Logo-vilavilarino-1.webp","width":500,"height":400,"caption":"vilavilarino EN"},"image":{"@id":"https:\/\/vilavilarino.com\/#\/schema\/logo\/image\/"}}]}},"_links":{"self":[{"href":"https:\/\/vilavilarino.com\/en\/wp-json\/wp\/v2\/pages\/1191","targetHints":{"allow":["GET"]}}],"collection":[{"href":"https:\/\/vilavilarino.com\/en\/wp-json\/wp\/v2\/pages"}],"about":[{"href":"https:\/\/vilavilarino.com\/en\/wp-json\/wp\/v2\/types\/page"}],"author":[{"embeddable":true,"href":"https:\/\/vilavilarino.com\/en\/wp-json\/wp\/v2\/users\/1"}],"replies":[{"embeddable":true,"href":"https:\/\/vilavilarino.com\/en\/wp-json\/wp\/v2\/comments?post=1191"}],"version-history":[{"count":15,"href":"https:\/\/vilavilarino.com\/en\/wp-json\/wp\/v2\/pages\/1191\/revisions"}],"predecessor-version":[{"id":2070,"href":"https:\/\/vilavilarino.com\/en\/wp-json\/wp\/v2\/pages\/1191\/revisions\/2070"}],"wp:attachment":[{"href":"https:\/\/vilavilarino.com\/en\/wp-json\/wp\/v2\/media?parent=1191"}],"curies":[{"name":"wp","href":"https:\/\/api.w.org\/{rel}","templated":true}]}}